{"id":5200,"date":"2025-04-29T12:36:55","date_gmt":"2025-04-29T18:36:55","guid":{"rendered":"https:\/\/garage.one\/donato\/?post_type=product&#038;p=5200"},"modified":"2025-11-06T15:41:49","modified_gmt":"2025-11-06T21:41:49","slug":"acceso-general-fiestas-de-la-vendimia-2025-corte-de-uva","status":"publish","type":"product","link":"https:\/\/garage.one\/donato\/producto\/acceso-general-fiestas-de-la-vendimia-2025-corte-de-uva\/","title":{"rendered":"Acceso General Fiestas de la Vendimia 2025 + Corte de Uva"},"content":{"rendered":"","protected":false},"excerpt":{"rendered":"<p><b>Acceso por persona<\/b><\/p>\n<p>Distinguidos por la realizaci\u00f3n de eventos 100% familiares, Vi\u00f1edos Donato trae para ti la octava edici\u00f3n de sus Fiestas de la Vendimia, evento m\u00e1s esperado de la Ruta del Vino en Quer\u00e9taro. Con m\u00e1scaras y antifaces, vivir\u00e1s una tarde fant\u00e1stica, repleta de actividades para toda la familia, como el tradicional pisado de uvas, recolecci\u00f3n de la cosecha, m\u00fasica en vivo y experiencias \u00fanicas, con nuestra tradicional pasi\u00f3n por hacer las cosas bien.<\/p>\n<p><b>Fecha<\/b>: S\u00e1bado 12 de Julio 2025<\/p>\n<p><b>Horario:<\/b>\u00a01:00 pm a 10:00 pm (El vi\u00f1edo abre a partir de 1:00 pm)<\/p>\n<p><b>C\u00f3digo de Vestimenta:<\/b>\u00a0Blanco<\/p>\n<p><b>Incluye:<\/b><\/p>\n<ul>\n<li>Antifaz<\/li>\n<li>Copa de vino conmemorativa del evento y degustaci\u00f3n de vino<\/li>\n<li>Corte de Uva<\/li>\n<li>Bendici\u00f3n de la vendimia<\/li>\n<li>Tradicional pisado de la uva<\/li>\n<li>Momento de luz y vino<\/li>\n<li>Show sorpresa<\/li>\n<li>M\u00fasica en Vivo<\/li>\n<li>Concurso de Pisado de Uva<\/li>\n<li>Galer\u00eda de arte<\/li>\n<\/ul>\n<p>Ven y vive con nosotros la festividad m\u00e1s esperada e importante de todo vi\u00f1edo \u00a1Te esperamos!<\/p>\n<p><b>IMPORTANTE: La entrada al vi\u00f1edo en este d\u00eda ser\u00e1 solamente con boleto en mano | Seguiremos todos los protocolos sanitarios para asegurar tu visita, en caso de que las indicaciones por parte de gobierno se modifiquen y se tenga que reagendar el evento, se te notificar\u00e1 de manera inmediata |\u00a0<i>NO se hacen devoluciones, reembolsos ni intercambio por otros productos o servicios de la marca<\/i>\u00a0| En caso de no poder asistir al evento, el acceso puede transferirse a otra persona y notificarse al mail eventos@donato.com.mx | Para m\u00e1s informaci\u00f3n escr\u00edbenos a nuestras redes sociales o al\u00a0<i>WhatsApp: (441) 129 9251 \u2013 El horario elegido no podr\u00e1 cambiarse, en caso de no llegar a tiempo se perder\u00e1 la experiencia | Evento libre de humo de tabaco y mascotas|<\/i><\/b><\/p>\n","protected":false},"featured_media":5201,"comment_status":"open","ping_status":"closed","template":"","meta":[],"product_brand":[],"product_cat":[22],"product_tag":[],"presentacion":[],"estaciones":[],"tipo":[],"uva":[],"class_list":{"0":"post-5200","1":"product","2":"type-product","3":"status-publish","4":"has-post-thumbnail","6":"product_cat-eventos","8":"first","9":"outofstock","10":"shipping-taxable","11":"purchasable","12":"product-type-variable"},"yoast_head":"<!-- This site is optimized with the Yoast SEO plugin v26.0 - https:\/\/yoast.com\/wordpress\/plugins\/seo\/ -->\n<title>Acceso General Fiestas de la Vendimia 2025 + Corte de Uva - Donato<\/title>\n<meta name=\"robots\" content=\"index, follow, max-snippet:-1, max-image-preview:large, max-video-preview:-1\" \/>\n<link rel=\"canonical\" href=\"https:\/\/garage.one\/donato\/producto\/acceso-general-fiestas-de-la-vendimia-2025-corte-de-uva\/\" \/>\n<meta property=\"og:locale\" content=\"es_ES\" \/>\n<meta property=\"og:type\" content=\"article\" \/>\n<meta property=\"og:title\" content=\"Acceso General Fiestas de la Vendimia 2025 + Corte de Uva - Donato\" \/>\n<meta property=\"og:description\" content=\"Acceso por persona  Distinguidos por la realizaci\u00f3n de eventos 100% familiares, Vi\u00f1edos Donato trae para ti la octava edici\u00f3n de sus Fiestas de la Vendimia, evento m\u00e1s esperado de la Ruta del Vino en Quer\u00e9taro. Con m\u00e1scaras y antifaces, vivir\u00e1s una tarde fant\u00e1stica, repleta de actividades para toda la familia, como el tradicional pisado de uvas, recolecci\u00f3n de la cosecha, m\u00fasica en vivo y experiencias \u00fanicas, con nuestra tradicional pasi\u00f3n por hacer las cosas bien.  Fecha: S\u00e1bado 12 de Julio 2025  Horario:\u00a01:00 pm a 10:00 pm (El vi\u00f1edo abre a partir de 1:00 pm)  C\u00f3digo de Vestimenta:\u00a0Blanco  Incluye:   Antifaz  Copa de vino conmemorativa del evento y degustaci\u00f3n de vino  Corte de Uva  Bendici\u00f3n de la vendimia  Tradicional pisado de la uva  Momento de luz y vino  Show sorpresa  M\u00fasica en Vivo  Concurso de Pisado de Uva  Galer\u00eda de arte  Ven y vive con nosotros la festividad m\u00e1s esperada e importante de todo vi\u00f1edo \u00a1Te esperamos!  IMPORTANTE: La entrada al vi\u00f1edo en este d\u00eda ser\u00e1 solamente con boleto en mano | Seguiremos todos los protocolos sanitarios para asegurar tu visita, en caso de que las indicaciones por parte de gobierno se modifiquen y se tenga que reagendar el evento, se te notificar\u00e1 de manera inmediata |\u00a0NO se hacen devoluciones, reembolsos ni intercambio por otros productos o servicios de la marca\u00a0| En caso de no poder asistir al evento, el acceso puede transferirse a otra persona y notificarse al mail eventos@donato.com.mx | Para m\u00e1s informaci\u00f3n escr\u00edbenos a nuestras redes sociales o al\u00a0WhatsApp: (441) 129 9251 \u2013 El horario elegido no podr\u00e1 cambiarse, en caso de no llegar a tiempo se perder\u00e1 la experiencia | Evento libre de humo de tabaco y mascotas|\" \/>\n<meta property=\"og:url\" content=\"https:\/\/garage.one\/donato\/producto\/acceso-general-fiestas-de-la-vendimia-2025-corte-de-uva\/\" \/>\n<meta property=\"og:site_name\" content=\"Donato\" \/>\n<meta property=\"article:modified_time\" content=\"2025-11-06T21:41:49+00:00\" \/>\n<meta property=\"og:image\" content=\"https:\/\/garage.one\/donato\/wp-content\/uploads\/2025\/04\/10-scaled.webp\" \/>\n\t<meta property=\"og:image:width\" content=\"2560\" \/>\n\t<meta property=\"og:image:height\" content=\"2560\" \/>\n\t<meta property=\"og:image:type\" content=\"image\/webp\" \/>\n<meta name=\"twitter:card\" content=\"summary_large_image\" \/>\n<meta name=\"twitter:label1\" content=\"Tiempo de lectura\" \/>\n\t<meta name=\"twitter:data1\" content=\"1 minuto\" \/>\n<script type=\"application\/ld+json\" class=\"yoast-schema-graph\">{\"@context\":\"https:\/\/schema.org\",\"@graph\":[{\"@type\":\"WebPage\",\"@id\":\"https:\/\/garage.one\/donato\/producto\/acceso-general-fiestas-de-la-vendimia-2025-corte-de-uva\/\",\"url\":\"https:\/\/garage.one\/donato\/producto\/acceso-general-fiestas-de-la-vendimia-2025-corte-de-uva\/\",\"name\":\"Acceso General Fiestas de la Vendimia 2025 + Corte de Uva - Donato\",\"isPartOf\":{\"@id\":\"https:\/\/garage.one\/donato\/#website\"},\"primaryImageOfPage\":{\"@id\":\"https:\/\/garage.one\/donato\/producto\/acceso-general-fiestas-de-la-vendimia-2025-corte-de-uva\/#primaryimage\"},\"image\":{\"@id\":\"https:\/\/garage.one\/donato\/producto\/acceso-general-fiestas-de-la-vendimia-2025-corte-de-uva\/#primaryimage\"},\"thumbnailUrl\":\"https:\/\/garage.one\/donato\/wp-content\/uploads\/2025\/04\/10-scaled.webp\",\"datePublished\":\"2025-04-29T18:36:55+00:00\",\"dateModified\":\"2025-11-06T21:41:49+00:00\",\"breadcrumb\":{\"@id\":\"https:\/\/garage.one\/donato\/producto\/acceso-general-fiestas-de-la-vendimia-2025-corte-de-uva\/#breadcrumb\"},\"inLanguage\":\"es\",\"potentialAction\":[{\"@type\":\"ReadAction\",\"target\":[\"https:\/\/garage.one\/donato\/producto\/acceso-general-fiestas-de-la-vendimia-2025-corte-de-uva\/\"]}]},{\"@type\":\"ImageObject\",\"inLanguage\":\"es\",\"@id\":\"https:\/\/garage.one\/donato\/producto\/acceso-general-fiestas-de-la-vendimia-2025-corte-de-uva\/#primaryimage\",\"url\":\"https:\/\/garage.one\/donato\/wp-content\/uploads\/2025\/04\/10-scaled.webp\",\"contentUrl\":\"https:\/\/garage.one\/donato\/wp-content\/uploads\/2025\/04\/10-scaled.webp\",\"width\":2560,\"height\":2560},{\"@type\":\"BreadcrumbList\",\"@id\":\"https:\/\/garage.one\/donato\/producto\/acceso-general-fiestas-de-la-vendimia-2025-corte-de-uva\/#breadcrumb\",\"itemListElement\":[{\"@type\":\"ListItem\",\"position\":1,\"name\":\"Portada\",\"item\":\"https:\/\/garage.one\/donato\/\"},{\"@type\":\"ListItem\",\"position\":2,\"name\":\"Shop\",\"item\":\"https:\/\/garage.one\/donato\/shop\/\"},{\"@type\":\"ListItem\",\"position\":3,\"name\":\"Acceso General Fiestas de la Vendimia 2025 + Corte de Uva\"}]},{\"@type\":\"WebSite\",\"@id\":\"https:\/\/garage.one\/donato\/#website\",\"url\":\"https:\/\/garage.one\/donato\/\",\"name\":\"Donato\",\"description\":\"\",\"publisher\":{\"@id\":\"https:\/\/garage.one\/donato\/#organization\"},\"potentialAction\":[{\"@type\":\"SearchAction\",\"target\":{\"@type\":\"EntryPoint\",\"urlTemplate\":\"https:\/\/garage.one\/donato\/?s={search_term_string}\"},\"query-input\":{\"@type\":\"PropertyValueSpecification\",\"valueRequired\":true,\"valueName\":\"search_term_string\"}}],\"inLanguage\":\"es\"},{\"@type\":\"Organization\",\"@id\":\"https:\/\/garage.one\/donato\/#organization\",\"name\":\"Donato\",\"url\":\"https:\/\/garage.one\/donato\/\",\"logo\":{\"@type\":\"ImageObject\",\"inLanguage\":\"es\",\"@id\":\"https:\/\/garage.one\/donato\/#\/schema\/logo\/image\/\",\"url\":\"https:\/\/garage.one\/donato\/wp-content\/uploads\/2024\/12\/don1.png\",\"contentUrl\":\"https:\/\/garage.one\/donato\/wp-content\/uploads\/2024\/12\/don1.png\",\"width\":749,\"height\":246,\"caption\":\"Donato\"},\"image\":{\"@id\":\"https:\/\/garage.one\/donato\/#\/schema\/logo\/image\/\"}}]}<\/script>\n<!-- \/ Yoast SEO plugin. -->","yoast_head_json":{"title":"Acceso General Fiestas de la Vendimia 2025 + Corte de Uva - Donato","robots":{"index":"index","follow":"follow","max-snippet":"max-snippet:-1","max-image-preview":"max-image-preview:large","max-video-preview":"max-video-preview:-1"},"canonical":"https:\/\/garage.one\/donato\/producto\/acceso-general-fiestas-de-la-vendimia-2025-corte-de-uva\/","og_locale":"es_ES","og_type":"article","og_title":"Acceso General Fiestas de la Vendimia 2025 + Corte de Uva - Donato","og_description":"Acceso por persona  Distinguidos por la realizaci\u00f3n de eventos 100% familiares, Vi\u00f1edos Donato trae para ti la octava edici\u00f3n de sus Fiestas de la Vendimia, evento m\u00e1s esperado de la Ruta del Vino en Quer\u00e9taro. Con m\u00e1scaras y antifaces, vivir\u00e1s una tarde fant\u00e1stica, repleta de actividades para toda la familia, como el tradicional pisado de uvas, recolecci\u00f3n de la cosecha, m\u00fasica en vivo y experiencias \u00fanicas, con nuestra tradicional pasi\u00f3n por hacer las cosas bien.  Fecha: S\u00e1bado 12 de Julio 2025  Horario:\u00a01:00 pm a 10:00 pm (El vi\u00f1edo abre a partir de 1:00 pm)  C\u00f3digo de Vestimenta:\u00a0Blanco  Incluye:   Antifaz  Copa de vino conmemorativa del evento y degustaci\u00f3n de vino  Corte de Uva  Bendici\u00f3n de la vendimia  Tradicional pisado de la uva  Momento de luz y vino  Show sorpresa  M\u00fasica en Vivo  Concurso de Pisado de Uva  Galer\u00eda de arte  Ven y vive con nosotros la festividad m\u00e1s esperada e importante de todo vi\u00f1edo \u00a1Te esperamos!  IMPORTANTE: La entrada al vi\u00f1edo en este d\u00eda ser\u00e1 solamente con boleto en mano | Seguiremos todos los protocolos sanitarios para asegurar tu visita, en caso de que las indicaciones por parte de gobierno se modifiquen y se tenga que reagendar el evento, se te notificar\u00e1 de manera inmediata |\u00a0NO se hacen devoluciones, reembolsos ni intercambio por otros productos o servicios de la marca\u00a0| En caso de no poder asistir al evento, el acceso puede transferirse a otra persona y notificarse al mail eventos@donato.com.mx | Para m\u00e1s informaci\u00f3n escr\u00edbenos a nuestras redes sociales o al\u00a0WhatsApp: (441) 129 9251 \u2013 El horario elegido no podr\u00e1 cambiarse, en caso de no llegar a tiempo se perder\u00e1 la experiencia | Evento libre de humo de tabaco y mascotas|","og_url":"https:\/\/garage.one\/donato\/producto\/acceso-general-fiestas-de-la-vendimia-2025-corte-de-uva\/","og_site_name":"Donato","article_modified_time":"2025-11-06T21:41:49+00:00","og_image":[{"width":2560,"height":2560,"url":"https:\/\/garage.one\/donato\/wp-content\/uploads\/2025\/04\/10-scaled.webp","type":"image\/webp"}],"twitter_card":"summary_large_image","twitter_misc":{"Tiempo de lectura":"1 minuto"},"schema":{"@context":"https:\/\/schema.org","@graph":[{"@type":"WebPage","@id":"https:\/\/garage.one\/donato\/producto\/acceso-general-fiestas-de-la-vendimia-2025-corte-de-uva\/","url":"https:\/\/garage.one\/donato\/producto\/acceso-general-fiestas-de-la-vendimia-2025-corte-de-uva\/","name":"Acceso General Fiestas de la Vendimia 2025 + Corte de Uva - Donato","isPartOf":{"@id":"https:\/\/garage.one\/donato\/#website"},"primaryImageOfPage":{"@id":"https:\/\/garage.one\/donato\/producto\/acceso-general-fiestas-de-la-vendimia-2025-corte-de-uva\/#primaryimage"},"image":{"@id":"https:\/\/garage.one\/donato\/producto\/acceso-general-fiestas-de-la-vendimia-2025-corte-de-uva\/#primaryimage"},"thumbnailUrl":"https:\/\/garage.one\/donato\/wp-content\/uploads\/2025\/04\/10-scaled.webp","datePublished":"2025-04-29T18:36:55+00:00","dateModified":"2025-11-06T21:41:49+00:00","breadcrumb":{"@id":"https:\/\/garage.one\/donato\/producto\/acceso-general-fiestas-de-la-vendimia-2025-corte-de-uva\/#breadcrumb"},"inLanguage":"es","potentialAction":[{"@type":"ReadAction","target":["https:\/\/garage.one\/donato\/producto\/acceso-general-fiestas-de-la-vendimia-2025-corte-de-uva\/"]}]},{"@type":"ImageObject","inLanguage":"es","@id":"https:\/\/garage.one\/donato\/producto\/acceso-general-fiestas-de-la-vendimia-2025-corte-de-uva\/#primaryimage","url":"https:\/\/garage.one\/donato\/wp-content\/uploads\/2025\/04\/10-scaled.webp","contentUrl":"https:\/\/garage.one\/donato\/wp-content\/uploads\/2025\/04\/10-scaled.webp","width":2560,"height":2560},{"@type":"BreadcrumbList","@id":"https:\/\/garage.one\/donato\/producto\/acceso-general-fiestas-de-la-vendimia-2025-corte-de-uva\/#breadcrumb","itemListElement":[{"@type":"ListItem","position":1,"name":"Portada","item":"https:\/\/garage.one\/donato\/"},{"@type":"ListItem","position":2,"name":"Shop","item":"https:\/\/garage.one\/donato\/shop\/"},{"@type":"ListItem","position":3,"name":"Acceso General Fiestas de la Vendimia 2025 + Corte de Uva"}]},{"@type":"WebSite","@id":"https:\/\/garage.one\/donato\/#website","url":"https:\/\/garage.one\/donato\/","name":"Donato","description":"","publisher":{"@id":"https:\/\/garage.one\/donato\/#organization"},"potentialAction":[{"@type":"SearchAction","target":{"@type":"EntryPoint","urlTemplate":"https:\/\/garage.one\/donato\/?s={search_term_string}"},"query-input":{"@type":"PropertyValueSpecification","valueRequired":true,"valueName":"search_term_string"}}],"inLanguage":"es"},{"@type":"Organization","@id":"https:\/\/garage.one\/donato\/#organization","name":"Donato","url":"https:\/\/garage.one\/donato\/","logo":{"@type":"ImageObject","inLanguage":"es","@id":"https:\/\/garage.one\/donato\/#\/schema\/logo\/image\/","url":"https:\/\/garage.one\/donato\/wp-content\/uploads\/2024\/12\/don1.png","contentUrl":"https:\/\/garage.one\/donato\/wp-content\/uploads\/2024\/12\/don1.png","width":749,"height":246,"caption":"Donato"},"image":{"@id":"https:\/\/garage.one\/donato\/#\/schema\/logo\/image\/"}}]}},"_links":{"self":[{"href":"https:\/\/garage.one\/donato\/wp-json\/wp\/v2\/product\/5200","targetHints":{"allow":["GET"]}}],"collection":[{"href":"https:\/\/garage.one\/donato\/wp-json\/wp\/v2\/product"}],"about":[{"href":"https:\/\/garage.one\/donato\/wp-json\/wp\/v2\/types\/product"}],"replies":[{"embeddable":true,"href":"https:\/\/garage.one\/donato\/wp-json\/wp\/v2\/comments?post=5200"}],"wp:featuredmedia":[{"embeddable":true,"href":"https:\/\/garage.one\/donato\/wp-json\/wp\/v2\/media\/5201"}],"wp:attachment":[{"href":"https:\/\/garage.one\/donato\/wp-json\/wp\/v2\/media?parent=5200"}],"wp:term":[{"taxonomy":"product_brand","embeddable":true,"href":"https:\/\/garage.one\/donato\/wp-json\/wp\/v2\/product_brand?post=5200"},{"taxonomy":"product_cat","embeddable":true,"href":"https:\/\/garage.one\/donato\/wp-json\/wp\/v2\/product_cat?post=5200"},{"taxonomy":"product_tag","embeddable":true,"href":"https:\/\/garage.one\/donato\/wp-json\/wp\/v2\/product_tag?post=5200"},{"taxonomy":"presentacion","embeddable":true,"href":"https:\/\/garage.one\/donato\/wp-json\/wp\/v2\/presentacion?post=5200"},{"taxonomy":"estaciones","embeddable":true,"href":"https:\/\/garage.one\/donato\/wp-json\/wp\/v2\/estaciones?post=5200"},{"taxonomy":"tipo","embeddable":true,"href":"https:\/\/garage.one\/donato\/wp-json\/wp\/v2\/tipo?post=5200"},{"taxonomy":"uva","embeddable":true,"href":"https:\/\/garage.one\/donato\/wp-json\/wp\/v2\/uva?post=5200"}],"curies":[{"name":"wp","href":"https:\/\/api.w.org\/{rel}","templated":true}]}}